{"id":6567,"date":"2025-05-09T11:03:58","date_gmt":"2025-05-09T09:03:58","guid":{"rendered":"https:\/\/www.sensia.info\/shop\/flyer\/"},"modified":"2026-04-20T08:04:47","modified_gmt":"2026-04-20T06:04:47","slug":"flyer","status":"publish","type":"product","link":"https:\/\/www.sensia.info\/fr\/shop\/flyer\/","title":{"rendered":"Flyer"},"content":{"rendered":"<p><strong>Prochaine date de livraison: jeudi 30 avril 2026<\/strong><\/p>\n<p>&nbsp;<\/p>\n<p>D\u00e8s 1000 ex. nos flyers sont produits en qualit\u00e9 offset. Pour les tirages plus petits, la production est faite par proc\u00e9d\u00e9 digital. Toutes les deux semaines nous imprimons un assemblage de flyers. Si la demande est plus grande, nous en imprimons toutes les semaines. Les commandes peuvent \u00eatre retir\u00e9es les vendredis.<br \/>\nPour les flyers imprim\u00e9s par proc\u00e9d\u00e9 digital, le temps de production correspond \u00e0 2-3 jours ouvrables.<\/p>\n","protected":false},"excerpt":{"rendered":"<p>Prochaine date de livraison: jeudi 30 avril 2026 &nbsp; D\u00e8s 1000 ex. nos flyers sont produits en qualit\u00e9 offset. Pour les tirages plus petits, la production est faite par proc\u00e9d\u00e9 digital. Toutes les deux semaines nous imprimons un assemblage de flyers. Si la demande est plus grande, nous en imprimons toutes les semaines. Les commandes [&hellip;]<\/p>\n","protected":false},"featured_media":7845,"template":"","meta":{"_acf_changed":false},"product_brand":[],"product_cat":[168],"product_tag":[],"class_list":{"0":"post-6567","1":"product","2":"type-product","3":"status-publish","4":"has-post-thumbnail","6":"product_cat-sans-categorie","8":"first","9":"instock","10":"taxable","11":"shipping-taxable","12":"purchasable","13":"product-type-variable","14":"has-default-attributes"},"acf":[],"aioseo_notices":[],"_links":{"self":[{"href":"https:\/\/www.sensia.info\/fr\/wp-json\/wp\/v2\/product\/6567","targetHints":{"allow":["GET"]}}],"collection":[{"href":"https:\/\/www.sensia.info\/fr\/wp-json\/wp\/v2\/product"}],"about":[{"href":"https:\/\/www.sensia.info\/fr\/wp-json\/wp\/v2\/types\/product"}],"wp:featuredmedia":[{"embeddable":true,"href":"https:\/\/www.sensia.info\/fr\/wp-json\/wp\/v2\/media\/7845"}],"wp:attachment":[{"href":"https:\/\/www.sensia.info\/fr\/wp-json\/wp\/v2\/media?parent=6567"}],"wp:term":[{"taxonomy":"product_brand","embeddable":true,"href":"https:\/\/www.sensia.info\/fr\/wp-json\/wp\/v2\/product_brand?post=6567"},{"taxonomy":"product_cat","embeddable":true,"href":"https:\/\/www.sensia.info\/fr\/wp-json\/wp\/v2\/product_cat?post=6567"},{"taxonomy":"product_tag","embeddable":true,"href":"https:\/\/www.sensia.info\/fr\/wp-json\/wp\/v2\/product_tag?post=6567"}],"curies":[{"name":"wp","href":"https:\/\/api.w.org\/{rel}","templated":true}]}}