{"id":6283,"date":"2025-05-09T11:03:58","date_gmt":"2025-05-09T09:03:58","guid":{"rendered":"https:\/\/www.sensia.info\/shop\/bulletin-de-versement-pour-qr-facture\/"},"modified":"2025-10-31T15:07:35","modified_gmt":"2025-10-31T14:07:35","slug":"bulletin-de-versement-pour-qr-facture","status":"publish","type":"product","link":"https:\/\/www.sensia.info\/fr\/shop\/bulletin-de-versement-pour-qr-facture\/","title":{"rendered":"Bulletin de versement pour QR-facture"},"content":{"rendered":"<p>Grande quantit\u00e9 sur demande.<\/p>\n<p>Possibilit\u00e9 d&rsquo;imprimer une en-t\u00eate, selon demande<\/p>\n","protected":false},"excerpt":{"rendered":"<p>Grande quantit\u00e9 sur demande. Possibilit\u00e9 d&rsquo;imprimer une en-t\u00eate, selon demande<\/p>\n","protected":false},"featured_media":7869,"template":"","meta":{"_acf_changed":false},"product_brand":[],"product_cat":[168],"product_tag":[],"class_list":{"0":"post-6283","1":"product","2":"type-product","3":"status-publish","4":"has-post-thumbnail","6":"product_cat-sans-categorie","8":"first","9":"instock","10":"taxable","11":"shipping-taxable","12":"purchasable","13":"product-type-variable","14":"has-default-attributes"},"acf":[],"aioseo_notices":[],"_links":{"self":[{"href":"https:\/\/www.sensia.info\/fr\/wp-json\/wp\/v2\/product\/6283","targetHints":{"allow":["GET"]}}],"collection":[{"href":"https:\/\/www.sensia.info\/fr\/wp-json\/wp\/v2\/product"}],"about":[{"href":"https:\/\/www.sensia.info\/fr\/wp-json\/wp\/v2\/types\/product"}],"wp:featuredmedia":[{"embeddable":true,"href":"https:\/\/www.sensia.info\/fr\/wp-json\/wp\/v2\/media\/7869"}],"wp:attachment":[{"href":"https:\/\/www.sensia.info\/fr\/wp-json\/wp\/v2\/media?parent=6283"}],"wp:term":[{"taxonomy":"product_brand","embeddable":true,"href":"https:\/\/www.sensia.info\/fr\/wp-json\/wp\/v2\/product_brand?post=6283"},{"taxonomy":"product_cat","embeddable":true,"href":"https:\/\/www.sensia.info\/fr\/wp-json\/wp\/v2\/product_cat?post=6283"},{"taxonomy":"product_tag","embeddable":true,"href":"https:\/\/www.sensia.info\/fr\/wp-json\/wp\/v2\/product_tag?post=6283"}],"curies":[{"name":"wp","href":"https:\/\/api.w.org\/{rel}","templated":true}]}}